{"id":401,"date":"2015-02-06T18:04:58","date_gmt":"2015-02-06T17:04:58","guid":{"rendered":"http:\/\/fugini.faculty.polimi.it\/?page_id=401"},"modified":"2026-04-13T09:32:30","modified_gmt":"2026-04-13T08:32:30","slug":"recent-publications","status":"publish","type":"page","link":"https:\/\/fugini.faculty.polimi.it\/?page_id=401","title":{"rendered":"Recent Publications"},"content":{"rendered":"\n<p>Publications in ORCID &nbsp;<a href=\"http:\/\/orcid.org\/0000-0002-0692-0153\" target=\"_blank\" rel=\"noopener noreferrer\">link<\/a><\/p>\n\n\n\n<p><strong>2026<\/strong><\/p>\n\n\n\n<p>G. Alessi and M.G. Fugini. 2026. Adaptive Real-Time Financial Fraud Detection with Explainable AI\u00a0Tools. Digital Threats 7, 1, Article 7 (March 2026), 31 pages. https:\/\/doi.org\/10.1145\/3794859<\/p>\n\n\n\n<p>P.Maggiolii, M.G.Fugini  &#8220;Ethical Challenges of AI&#8221;,   Amazon Prime 2026 (to appear)<\/p>\n\n\n\n<p><\/p>\n\n\n\n<p><strong>2025<\/strong><\/p>\n\n\n\n<ul class=\"wp-block-list\">\n<li>G. Alessi, M.G. Fugini,&#8221;Real-Time Fraud Detection Using Machine Learning&#8221;,   33rd International Conference on Enabling Technologies: Infrastructure for Collaborative Enterprises (<em>WETICE 2025<\/em>), Catania, July 2025.<\/li>\n\n\n\n<li>V.Cusano,E.Fattibene,M.G. Fugini,F.Amarilli, &#8220;ELENIDS: An&nbsp; EnsembLE Network-based Intrusion Detection System&#8221;, ACS\/IEEE Conf. on Computer Systems and Applications, (<em>AICCSA 2025)<\/em>, 19-22 October, Doha.<\/li>\n\n\n\n<li>V.Cusano,E.Fattibene,M.G. Fugini,F.Amarilli, &#8220;An Intrusion Detection System based on Deep Learning and Explainable AI&#8221;,  Open Access Biostatistics &amp; Bioinformatics (<em>OABB<\/em>), 2025<\/li>\n\n\n\n<li>M.G. Fugini, P. Maggiolini, &#8220;Ethics in AI for medicine&#8221;, International Conference on Innovations in Engineering and Emerging Technologies <em>(ICIEET 2025)<\/em>, Switzerland Innovation Park, Biel\/Bienne, Switzerland, from 9th to 11th June 2025. In: <em>Advancements in Smart Innovations, Intelligent Systems, and Technologies<\/em>. IOS Press, 2025. p. 50-60.<\/li>\n\n\n\n<li>M.G. Fugini, P. Maggiolini, &#8220;Ethical Challenges of Artificial Intelligence in Medicine&#8221;, 5th International Conference on Information Technology for Social Good <em>(GoodIT 2025<\/em>), Antwerp, Sept. 2025.<\/li>\n\n\n\n<li>P.Maggiolini con M.G. Fugini, <em>Le Sfide Etiche dell&#8217;Intelligenza Artificiale<\/em>. LEDIZIONI, 2025.<\/li>\n<\/ul>\n\n\n\n<p><strong>2024<\/strong><\/p>\n\n\n\n<ul class=\"wp-block-list\">\n<li>S. Comai, M.G. Fugini, S.Gusmeroli, F.Salice, &#8220;An Approach to Cooperative Human-Robot Teaming in Smart Agriculture&#8221; <em>IEEE WETICE 2024 Conf<\/em>., ReggioEmilia, June 2024.<\/li>\n\n\n\n<li>A. Tocchetti, S. Brusadelli, M.G. Fugini, &#8220;Detecting Social Interaction&#8221;, <em>IEEE<\/em><br>W<em>ETICE 2024 Conf<\/em>., ReggioEmilia, June 2024.<\/li>\n<\/ul>\n\n\n\n<p><strong>2023<\/strong><\/p>\n\n\n\n<ul class=\"wp-block-list\">\n<li>M.G. Fugini, S. Comai, J. Finocchi, E. Rossi, &#8220;Multimedia Georeferenced Contents for Climate Events: the MAGIS Approach&#8221;, <em>Computing Conference 2023, <\/em>22-23 June 2023, London, United Kingdom.<\/li>\n\n\n\n<li>F.Salice, G.Castiglioni, &nbsp;A. Masciadri, M.G. Fugini, S. Comai, &#8220;waterFSA: a Contact-less Water Flow Source Analyzer for the Household to Enable HAR and ADL Recognition&#8221;, <em>IEEE WETICE 2023 Conf<\/em>., Paris, Dec. 2023<\/li>\n\n\n\n<li><a class=\"gsc_a_at\" href=\"https:\/\/scholar.google.it\/citations?view_op=view_citation&amp;hl=it&amp;user=xiSJFg4AAAAJ&amp;sortby=pubdate&amp;citation_for_view=xiSJFg4AAAAJ:ce2CqMG-AY4C\">Introduction to special issue on software architectures for smart and adaptive systems (SASAS) <\/a>C Raibulet, K Drira, C Fornaro, M Fugini<\/li>\n<\/ul>\n\n\n\n<p><strong>2022<\/strong><\/p>\n\n\n\n<ul class=\"wp-block-list\">\n<li>M Fugini, J Finocchi Data and Process Quality Evaluation in a Textual Big Data Archiving System, <em>ACM Journal on Cultural Heritage (JOCCH)<\/em> 15 (1), 2022, pp. 1-19.<\/li>\n\n\n\n<li>M.G. Fugini, J. Finocchi, E. Rossi, &#8220;Adaptive Semantic Enrichment of Cartography for Intangible Cultural Heritage and Citizen Journalism&#8221;, <em>Future of Information and Communication Conference (FICC&#8217;22)<\/em>, San Francisco, 3-4 March 2022. <a href=\"https:\/\/fugini.faculty.polimi.it\/wp-admin\/upload.php?item=1377\">paper<\/a><\/li>\n\n\n\n<li>S Castano, V De Antonellis, M Fugini, B Pernici, &#8220;Techniques for the Analysis of Conceptual Schemas&#8221;, <em>SEBD&#8217;22<\/em>, &#8220;Taste of Time&#8221; Award, June 2022.<\/li>\n\n\n\n<li>S. Comai, J. Finocchi, M.G. Fugini, T. Mastos, A. Papadopoulos, &#8220;Sharing Semantic Knowledge for Autonomous Robots: Cooperation for Social Robotic Systems&#8221;, <em>The 24th International Conference on Information Integration and Web Intelligence,<\/em> <em>iiWAS 2022.<\/em> Bari, Italy, Nov 28-30, 2022. (pp. 45-59). Cham: Springer Nature Switzerland.<\/li>\n\n\n\n<li>M.G. Fugini, J. Finocchi, and E. Rossi &#8220;Adaptive Ontologies for Multimedia Maps&#8221;, <em>EARET Track in 32nd BARCELONA International Conference on &#8220;Science, Engineering and Waste Management&#8221; (BSEWM-22),<\/em> &nbsp;Dec. 5-7, 2022 Barcelona, Spain.<\/li>\n<\/ul>\n\n\n\n<p><strong>2021<\/strong><\/p>\n\n\n\n<ul class=\"wp-block-list\">\n<li>M. Atzori, A. Barenghi, S. Comai, M. Fugini, D. Marcia, G. Pelosi, M. Sanguinetti and V. Scotti, \u201cImproving Work Life Conditions via Portable Knowledge-Driven Recommender System\u201d, <em>SEBD\u201921<\/em>, Sept.2021.<\/li>\n\n\n\n<li>S. Mirza,H. Abbas, W.B. Shahid, N. Shafqat, M.G. Fugini, Z. Iqbal, Z. Muhammad, A Revamp Malware Evasion Technique for Auditing Android Anti-Malware Solutions&#8221;, <em>IEEE WETICE CoNeSec&#8217;21 Conf<\/em>., Basque Coast &#8211; Bayonne, France, Oct.2021<em>.&nbsp;<\/em><\/li>\n\n\n\n<li>P. Guerrieri, S. Comai, M.G. Fugini, &#8220;WECRAFT: a Platform for Networking Rural Craftsmen in Co-Production of Artisanal Crafts&#8221;, <em>IEEE WETICE W2T&#8217;21 Conf., <\/em>Basque Coast &#8211; Bayonne, France, Oct.2021<em>. <\/em><a href=\"https:\/\/fugini.faculty.polimi.it\/?attachment_id=1375\">paper<\/a><\/li>\n\n\n\n<li>R.Bonacin, M.G.Fugini, O.Nabuco, R.Martoglia, F.Sais, &#8220;Web2Touch 2021 &#8211; Semantic Technologies For Smart Information Sharing and Web Collaboration&#8221;, <em>IEEE WETICE W2T&#8217;21 Conf., <\/em>Bayonne, Oct.2021. Editors Foreword<\/li>\n\n\n\n<li>M.G. Fugini, J. Finocchi, &#8220;A Framework for Adaptive Context and User-Related<br>Management of Multimedia Contents&#8221;, <em>ECSA 2021 Virtual Conference, CASA Workshop<\/em>, Sept. 13, 2021. <a href=\"https:\/\/fugini.faculty.polimi.it\/wp-admin\/upload.php?item=1376\">paper<\/a><\/li>\n\n\n\n<li>C. Raibulet, K. Drira, M.G. Fugini, G. Nunes Lo, P. Pelliccione, and T. Bures. 2020. Report of the 4th International Workshop on Context-aware Autonomous and Smart Architectures (<em>CASA@ECSA 2021<\/em>). SIGSOFT Softw. Eng. Notes<\/li>\n\n\n\n<li>S. Comai, P. Guerrieri, M.G. Fugini, \u201cEvolving Experiences of Participation: Towards an e-ILAUD Tool\u201d, <em>IEEE International Smart Cities Conference (ISC2)<\/em>, Sept. 7-10, 2021. <a href=\"https:\/\/fugini.faculty.polimi.it\/wp-admin\/upload.php?item=1382\">paper<\/a><\/li>\n\n\n\n<li>M.G. Fugini, J. Finocchi, P. Locatelli, &#8220;A Big Data Analytics Architecture for Smart Cities and Smart Companies&#8221;, <em>Big Data Research Journal<\/em>, Elsevier Publ. 2021. Volume 24, 15 May 2021, 100192, ISSN 2214-5796, https:\/\/doi.org\/10.1016\/j.bdr.2021.100192.&nbsp; available at http:\/\/www.sciencedirect.com\/science\/article\/pii\/S221457962100009 <a href=\"http:\/\/Published 1-s2.0-S2214579621000095-main\">&nbsp;paper<\/a><\/li>\n\n\n\n<li>M.G. Fugini, J. Finocchi, &#8220;Gesture Recognition in an IoT environment: a Machine Learning-based Prototype&#8221;,<em> Future of Information and Communication Conference (FICC&#8217;21)<\/em>, Vancouver, 2021. Springer, Vol. 1363, Advances in Intelligent Systems and Computing series. <em><a href=\"https:\/\/fugini.faculty.polimi.it\/wp-content\/uploads\/FICC_Gestures_CR.pdf\">paper<\/a><\/em><\/li>\n<\/ul>\n\n\n\n<p><strong>2020&nbsp;<\/strong><\/p>\n\n\n\n<ul class=\"wp-block-list\">\n<li>M. Fugini, A. Barenghi, S. Comai, G. Pelosi, R. Tedesco, Mvan Gasteren, et al., &#8220;WorkingAge: Providing Occupational Safety through Pervasive Sensing and Data Driven Behavior Modeling&#8221;, Proc. 30th European Safety and Reliability ESREL 2020 Conf. and the 15th Probabilistic Safety Assessment and Management Research Publishing, Singapore, ISBN: 981-973-0000-00-0 :: doi: 10.3850\/981-973-0000-00-0 output. <em><a href=\"http:\/\/hdl.handle.net\/11311\/1150487\">paper<\/a><\/em><\/li>\n\n\n\n<li><span style=\"display: inline !important; float: none; background-color: #ffffff; color: #444444; cursor: text; font-family: Georgia,'Bitstream Charter',serif; font-size: 16px; font-style: normal; font-variant: normal; font-weight: 400; letter-spacing: normal; line-height: 1.5; orphans: 2; text-align: left; text-decoration: none; text-indent: 0px; text-transform: none; -webkit-text-stroke-width: 0px; white-space: normal; word-spacing: 0px;\">M. Fugini, J. Finocchi<\/span>, G. Trasa, &#8220;Gesture Recognition for Navigation in Multi-Dimensional Data&#8221;, <em>IEEE WETICE W2T&#8217;20 Conf., <\/em>Basque Coast &#8211; Bayonne, France, November&nbsp;<em> 2020. <a href=\"https:\/\/fugini.faculty.polimi.it\/wp-content\/uploads\/WETICE_2020_paper_27.pdf\">paper<\/a><\/em><\/li>\n\n\n\n<li>M. Fugini, J. Finocchi,&#8221; Quality Evaluation for Documental Big Data Tools&#8221;, <em>ICEIS Conf. <\/em>Prague, May 2020<em>. <a href=\"http:\/\/fugini.faculty.polimi.it\/wp-content\/uploads\/ICEIS-Performance-and-Quality.pdf\">paper<\/a><\/em><\/li>\n\n\n\n<li>C. Raibulet, K. Drira, M.G. Fugini, G. Nunes Lo, P. Pelliccione, and T. Bures. 2020. Report of the 2nd International Workshop on Context-aware Autonomous and Smart Architectures (CASA@ECSA 2018). SIGSOFT Softw. Eng. Notes 45, 1 (Jan. 2020), 14\u201317. DOI:https:\/\/doi.org\/10.1145\/3375572.3375576<\/li>\n\n\n\n<li>de Almeida, R. M. Resende; Aguado, Y Bueno; Atzori, M; Barenghi, A; Borghini, G; Ortega, C A Catalina; Comai, S; R Losada Duran, Fugini, M.; Gunes, H; Lancis, B M; Pelosi, G; Ronca, V; L Sbattella, R Tedesco; Xu, T., &#8220;Decision Support Systems to Promote Health and Well-being of People during their Working Age: the Case of the WorkingAge EU Project&#8221;, <em>Int. Conf.on Embedded Computer Systems: Architectures, Modeling and Simulation<\/em>, Samos, July 2020. <a href=\"http:\/\/hdl.handle.net\/11311\/1150487\">paper<\/a><\/li>\n<\/ul>\n\n\n\n<!--more-->\n\n\n\n<p class=\"has-text-align-left\"><strong>2019<\/strong><\/p>\n\n\n\n<ul class=\"wp-block-list\">\n<li>M.G.Fugini, J.Finocchi, F.Leccardi, P.Locatelli, and A.Lupi, &#8220;A Text Analytics Architecture for Smart Companies&#8221;, <em>IEEE WETICE W2T&#8217;19 Conf., <\/em>Capri, June 2019. <a href=\"http:\/\/fugini.faculty.polimi.it\/wp-content\/uploads\/WETICE_2019_paper_27-1.pdf\">paper<\/a>.&nbsp; In S. Reddy (ed): <span class=\"title\">28th IEEE International Conference on Enabling Technologies: Infrastructure for Collaborative Enterprises, WETICE 2019, Naples, Italy, June 12-14, 2019.<\/span>&nbsp;IEEE&nbsp;2019, ISBN&nbsp;978-1-7281-0676-2<\/li>\n\n\n\n<li>N.Badr, M. Sorrentino, M.De Marco and M.G.Fugini, &#8220;Improving Interaction in Integrated Chronic Care Management&#8221;,&nbsp;<em>IEEE WETICE W2T&#8217;19 Conf., <\/em>Capri, June 2019. <a href=\"http:\/\/fugini.faculty.polimi.it\/wp-content\/uploads\/Paper-WETICE2019-Submitted-after-review-2.pdf\">paper<\/a>. In S. Reddy (ed): <span class=\"title\">28th IEEE International Conference on Enabling Technologies: Infrastructure for Collaborative Enterprises, WETICE 2019, Naples, Italy, June 12-14, 2019.<\/span>&nbsp;IEEE&nbsp;2019, ISBN&nbsp;978-1-7281-0676-2<\/li>\n\n\n\n<li>R.Bonacin, M.G.Fugini, O.Nabuco, R.Martoglia, F.Sais, &#8220;Web2Touch 2019 &#8211; Semantic Technologies For Smart Information Sharing and Web Collaboration&#8221;,&nbsp;<em>IEEE WETICE W2T&#8217;19 Conf., <\/em>Capri, June 2019. Editors Foreword.&nbsp;<a href=\"http:\/\/fugini.faculty.polimi.it\/wp-content\/uploads\/Web2Touch_2019_Track_Report_Intro_MG.pdf\">paper<\/a>. In S. Reddy (ed.): <span class=\"title\">28th IEEE International Conference on Enabling Technologies: Infrastructure for Collaborative Enterprises, WETICE 2019, Naples, Italy, June 12-14, 2019.<\/span> IEEE 2019, ISBN 978-1-7281-0676-<\/li>\n\n\n\n<li>C.Raibulet, K.Drira, M.G.Fugini, P.Pelliccione, T.Bures, &#8220;Software Architectures for Context-Aware Smart Systems&#8221;, Editorial <em>Information and Software Technology<\/em>, vol.&nbsp; 111 (2019), 120\u2013121. Elsevier. <a href=\"http:\/\/fugini.faculty.polimi.it\/wp-content\/uploads\/editorial.pdf\">editorial<\/a><\/li>\n<\/ul>\n\n\n\n<p><strong>2018<\/strong><\/p>\n\n\n\n<ul class=\"wp-block-list\">\n<li>C.Cappiello, M.Fugini, P.Grefen, B.Pernici, P.Plebani, M.Vitali, <em>Fondamenti di Sistemi Informativi<\/em>, September 5, 2018.(<a href=\"https:\/\/www.amazon.com\/Fondamenti-Sistemi-Informativi-settore-dellinformazione\/dp\/1725122200\">https:\/\/www.amazon.com\/Fondamenti-Sistemi-Informativi-settore-dellinformazione\/dp\/1725122200<\/a>)<\/li>\n\n\n\n<li>M.G.Fugini, P.Maggiolini, and R.Salvador Vall\u00e9s, <em>Sistemas y&nbsp; tecnolog\u00edas de la informaci\u00f3n en las organizaciones<\/em>,&nbsp;Piramide Publisher, Madrid, Feb. 2018. <a href=\"https:\/\/www.edicionespiramide.es\/libro.php?id=5199089\">https:\/\/www.edicionespiramide.es\/libro.php?id=5199089<\/a><\/li>\n\n\n\n<li>M.G.Fugini, P.Maggiolini, and R.Salvador Vall\u00e9s, &#8220;Why e-Government Systems Fail: The Systems for the Labor Market&#8221;,&nbsp;ISMS&#8217;18, Malta, Feb. 22-23, 2018 .<em><br><\/em><em>(<a href=\"http:\/\/www.proceedings.com\/38672.html\">http:\/\/www.proceedings.com\/38672.html<\/a>)<\/em><\/li>\n\n\n\n<li>A.Javaid,&nbsp;I.Rashid, H.Abbas,M.G.Fugini, &#8220;Ease or Privacy? A Comprehensive Analysis on Android Embedded Adware&#8221;,&nbsp;<em>IEEE WETICE W2T&#8217;18 Conf., <\/em>Paris, June 2018.<\/li>\n\n\n\n<li>M.G.Fugini,J.Finocchi, &#8220;Innovative Big Data Analytics: a System for Document Management&#8221;,&nbsp;&nbsp;<em>IEEE WETICE W2T&#8217;18 Conf., <\/em>Paris, June 2018. <em>Best Track Paper Award.<\/em><\/li>\n\n\n\n<li>R. Bonacin, M.G.Fugini,O.Nabuco, R.Martoglia,&nbsp;&#8220;Foreword to IEEE W2T Track &#8220;,&nbsp;<em>IEEE WETICE W2T&#8217;18 Conf., <\/em>Paris, June 2018.<\/li>\n<\/ul>\n\n\n\n<p><strong>2017<\/strong><\/p>\n\n\n\n<ul class=\"wp-block-list\">\n<li>M.G. Fugini, P.Maggiolini, and R.Salvador Vall\u00e9s. &#8220;A framework for benchmarking public websites in the labour sector.&#8221; <i>International Journal of Web Engineering and Technology<\/i> 12.1 (2017): 45-69.<\/li>\n\n\n\n<li>C.Raibulet, M.G. Fugini, K. Drira, P.Pelliccione, I. Gerostathopoulos, K.Moessner,&nbsp; &amp; C.Prehofer, (2017, September). &#8220;Context-aware, Autonomous and Smart Architectures&#8221;, (CASA@ ECSA 2017). In&nbsp;<i>Context-aware, Autonomous and Smart Architectures (CASA@ ECSA 2017)<\/i>.<\/li>\n\n\n\n<li>F.Amarilli, F.Amigoni, M.G.Fugini, G.P.Zarri, &#8220;A Semantic-Rich Approach to IoT Using the Generalized World Entities Paradigm&#8221;, in <em>Managing the Web of Things: <\/em><em>Linking the Real World to the Web,<\/em> Michael Sheng, Yongrui Qin, Lina Yao,Boualem Benatallah (Eds.), Elsevier, 105-147, Ch.4, 2017.<\/li>\n\n\n\n<li>M. Teimourikia, M.G.Fugini, and C.Raibulet, &#8220;Run-Time Security and Safety Management in&nbsp;Adaptive Smart Work Environments&#8221;, <em>IEEE WETICE&#8217;17 Conf.<\/em>, SSTM 2017 Security, Safety and Trust Management Track, June 21-21, Poznan, 2017.<\/li>\n\n\n\n<li>M.G. Fugini, W.Cellary, &#8220;Foreword to IEEE WETICE Conference&#8221;,&nbsp;<em>IEEE WETICE&#8217;17 Conf.<\/em>, &nbsp;June 21-23, Poznan, 2017.<\/li>\n\n\n\n<li>N.Dess\u00ec, et al. &#8220;Special Issue on Advanced Technologies Enabling Adaptive and Collaborative Smart Systems.&#8221; <i>Future Generation Computer Systems<\/i>&nbsp;(2016) Special Issue on &#8220;Adaptive and Cooperative Semantic&nbsp;Smart Systems&#8221;, Editors Foreword (2017): 361-364.<\/li>\n<\/ul>\n\n\n\n<p><strong>2016<\/strong><\/p>\n\n\n\n<ul class=\"wp-block-list\">\n<li>M.G.Fugini, M.Teimourikia,\u201c<a class=\"gsc_a_at\" href=\"https:\/\/scholar.google.com\/citations?view_op=view_citation&amp;hl=en&amp;user=xiSJFg4AAAAJ&amp;sortby=pubdate&amp;citation_for_view=xiSJFg4AAAAJ:ML0RJ9NH7IQC\">A web-based cooperative tool for risk management with adaptive security&#8221;<\/a> , <em>Future Generation Comp. Syst.,<\/em> Special Issue on &#8220;Semantic Web for Cooperation&#8221;, FGCS 54, Vol. 54, January 2016.<\/li>\n\n\n\n<li>M.Teimourikia, M.G.Fugini, &#8220;Ontology development for run-time safety management methodology in Smart Work Environments using ambient knowledge.&#8221; <i>Future Generation Computer Systems<\/i> (2016) Special Issue on &#8220;Adaptive and Cooperative Semantic&nbsp;Smart Systems&#8221;,&nbsp; <a href=\"http:\/\/www.sciencedirect.com\/science\/article\/pii\/S0167739X16302333\">on line<\/a>, August 2016.<\/li>\n\n\n\n<li>E.Bracci, M.G.Fugini,&nbsp;M.F. Sicilia (Eds.), <em>Co-Production of Public Services:Experiences and Challenges<\/em>,&nbsp;<a href=\"http:\/\/www.springer.com\/series\/8884\">SpringerBriefs in Applied Sciences and Technology<\/a>&nbsp; <a href=\"http:\/\/www.springer.com\/series\/11159\">PoliMI SpringerBriefs<\/a>, July&nbsp; 2016.<\/li>\n\n\n\n<li>E.Bracci, M.G.Fugini, M.Sicilia, (2016). Co-Production of Public Services: Meaning and Motivations. In <i>Co-Production in the Public Sector<\/i> (pp. 1-11). Springer International Publishing.<\/li>\n\n\n\n<li>M.G.Fugini, M. Teimourikia, &#8220;<a href=\"http:\/\/link.springer.com\/chapter\/10.1007\/978-3-319-30558-5_8\">The Role of ICT in Co-Production of e-Government Public Services<\/a>&#8221; (Chapter 8), in&nbsp;In <i>Co-Production in the Public Sector<\/i> (pp.119-139). Springer International Publishing.<\/li>\n\n\n\n<li>M.Teimourikia, M.G.Fugini, &#8220;Co-Engineering Security and Safety in Internet of Things&#8221;, <em>18th International Conference on Information Integration and Web-based Applications &amp; Services (iiWAS2016).<\/em><\/li>\n\n\n\n<li>M.Teimourikia, M.G.Fugini, E.Zio, &#8220;Methodology for Safety Management of Smart Work Environments&#8221;, <em>IEEE WETICE W2T&#8217;16 Conf., <\/em>Paris, June 2016.<\/li>\n\n\n\n<li>M.Teimourikia, G. Marilli, M.G.Fugini, &#8220;Context-based Risk-Adaptive Security Model and Run-time Conflict Analysis&#8221;, <em>DEXA Conf., <\/em>Porto, September,&nbsp;<span class=\"page-numbers-info\"> pp. 121-135,<\/span> 2016<em>. <\/em><a href=\"http:\/\/fugini.faculty.polimi.it\/wp-content\/uploads\/Context-based-Risk-Adaptive-Security-Model-and-Run-time-Conflict-Analysis-DEXA-2016.pdf\">paper<\/a>.<\/li>\n\n\n\n<li>O. Nabuco, R. Bonacin, M. Fugini, and R. Martoglia. Web2touch 2016: Evolution and security of collaborative web knowledge. In 2016 IEEE 25th International Conference on Enabling Technologies: Infrastructure for Collaborative Enterprises (WETICE), pages 214\u2013216, June 2016<\/li>\n\n\n\n<li>R.Bonacin, N. Dess\u00ec, M.G.Fugini, O. Nabuco, M.R. da Silveira, &#8220;Special Issue on Semantic Technologies for Collaborative Web&#8221;,&nbsp;&nbsp;<i>Future Generation Computer Systems<\/i> 54.C (2016): 344-347 ,&nbsp; <a class=\"gsc_a_at\" href=\"https:\/\/scholar.google.com\/citations?view_op=view_citation&amp;hl=en&amp;user=xiSJFg4AAAAJ&amp;sortby=pubdate&amp;citation_for_view=xiSJFg4AAAAJ:BwyfMAYsbu0C\">Special Issue on Semantic Technologies for Collaborative Web,<\/a> Future Generation Computer Systems 54 (C), 344-347.<\/li>\n\n\n\n<li>P.Locatelli, M.G. Fugini, F.Cirilli, &#8220;Innovazione sociale sostenibile per l\u2019assistenza integrata alle persone fragili a domicilio: il Progetto Attiv@bili&#8221;,&nbsp;<em>Risorse Comuni<\/em>, &nbsp;http:\/\/www.strategieamministrative.it\/<\/li>\n\n\n\n<li>M.G.Fugini<span style=\"font-size: 10px; line-height: 10px;\">, <\/span>J.Finocchi, M.Vitali,&nbsp;P.Locatelli, L.Gastaldi, G.Garavaglia, F.Cirilli, S. Moraschi,&#8221;Uso delle piattaforme&nbsp;ICT a supporto dei servizi socio-sanitari:&nbsp;il progetto Attiv@bili&#8221;, <em>MECOSAN &#8211; Management ed economia sanitaria<\/em>. F.Angeli, n.98, 2016.<\/li>\n<\/ul>\n\n\n\n<p><strong>2015<\/strong><\/p>\n\n\n\n<ul class=\"wp-block-list\">\n<li><span class=\"this-person\">M.G.Fugini<\/span>, <a href=\"http:\/\/dblp.uni-trier.de\/pers\/hd\/c\/Cirilli:Federica\"><span style=\"color: #0066cc;\">F.Cirilli<\/span><\/a>, <a href=\"http:\/\/dblp.uni-trier.de\/pers\/hd\/l\/Locatelli:Paolo\"><span style=\"color: #0066cc;\">P. Locatelli<\/span><\/a>, &#8220;<span class=\"title\">Integrated Care Solutions.<\/span> <a href=\"http:\/\/dblp.uni-trier.de\/db\/journals\/ercim\/ercim2015.html#FuginiCL15\"><span style=\"color: #0066cc;\">ERCIM News<\/span> <span style=\"color: #0066cc;\">2015<\/span>(<span style=\"color: #0066cc;\">102<\/span>)<\/a>, 2015.<\/li>\n\n\n\n<li>N.Restifo, F.Cirilli, L-Gastaldi, M.G. Fugini,&nbsp; G.Garavaglia,&nbsp; and L. Chiantore &#8220;Health and social care services for frail people: ICT as a sustainable enabler of integrated care&#8221;. In <i>International conference eHealth<\/i> 2015 (pp. 193-197).<\/li>\n\n\n\n<li>C.Argiolas, N.Dess\u00ec, M.G. Fugini, B.Pes, &#8220;Adaptive Security in BIM Document Sharing&#8221;, <em>ISCIS Conf. 2015<\/em>, London, Sept. 2015.<\/li>\n\n\n\n<li>M.G. Fugini, M. Teimourikia, \u201cRAMIRES: Risk Adaptive Management in Resilient Environments with Security\u201d,<em> IEEE 23rd WETICE Conf. IEEE<\/em>, Cyprus, June 2015.<\/li>\n\n\n\n<li><span style=\"color: #0066cc;\">O. Nabuco<\/span>, <span style=\"color: #0066cc;\">R.Bonacin<\/span>, <span class=\"this-person\">M.G. Fugini, &#8220;<\/span><span class=\"title\">Web2Touch 2015 Track Report: Modeling the Collaborative Web Knowledge.<\/span> <a href=\"http:\/\/dblp.uni-trier.de\/db\/conf\/wetice\/wetice2015w.html#NabucoBF15\"><span style=\"color: #0066cc;\">WETICE Workshops<\/span> <span style=\"color: #0066cc;\">2015<\/span><\/a>: 216-217.<\/li>\n\n\n\n<li>A. Barenghi, L. Breveglieri, M.G. Fugini, G. Pelosi, \u201cComputer Security Anchors in Smart Grids: The Smart Metering Scenario and Challenges\u201d, <em>Book Chapter<\/em> in B.Candaele, D.Soudris, I. Anagnostopoulos (Eds.), <em>Trusted Computing for Embedded Systems<\/em>, Springer 2015, XXVI, 299 p. 151 ISBN 978-3-319-09420-5.<br><a href=\"http:\/\/www.springer.com\/it\/book\/9783319094199\">http:\/\/www.springer.com\/engineering\/circuits+%26+systems\/book\/978-3-319-09419-9 IEEE<\/a><\/li>\n<\/ul>\n\n\n\n<p><strong>2014<\/strong><\/p>\n\n\n\n<ul class=\"wp-block-list\">\n<li>\n<ul class=\"wp-block-list\">\n<li>M.G. Fugini, P. Maggiolini, R. Salvador Vall\u00e9s, <em>e-Government and Employment Services A Case Study in Effectiveness <\/em>Series: <a href=\"http:\/\/www.springer.com\/series\/8884\">SpringerBriefs in Applied Sciences and Technology<\/a>&nbsp; <a href=\"http:\/\/www.springer.com\/series\/11159\">PoliMI SpringerBriefs<\/a> 2014, VIII.<\/li>\n\n\n\n<li>ECO2Clouds Team, \u201cECO2Clouds: Models and Eco-Metrics. Trying to Understand the Environmental Impact of Your Cloud Applications\u201d, <em>FIRE Magazine<\/em>, 2014.<\/li>\n\n\n\n<li>M.G. Fugini, M. Teimourikia, \u201cAccess Control Privileges Management for Risk Areas\u201d, <em>Proc. ISCRAM-MED Conf<\/em>., Toulouse, Oct. 15-17, 2014, in <em>Information Systems for Crisis Response and Management in Mediterranean Countries<\/em>, C. Hanachi et al. (Eds), Springer LNBIP 196.<\/li>\n\n\n\n<li>M.G. Fugini, M. Teimourikia, \u201cRisks in Smart Environments and Adaptive Access Controls\u201d, <em>Proc. 4th &nbsp;Int. Conf. on Innovative Computing Technology<\/em> (<em>IEEE-INTECH<\/em>), London, Aug. 13-15, 2014.<\/li>\n\n\n\n<li>M.G. Fugini, G. Hadjichristofi, M. Teimourikia, \u201cAdaptive Security for Risk Management Using Spatial Data\u201d, <em>Proc. DEXA Conf<\/em>., Munich, Sept. 1-3, 2014. <em>Lecture Notes in Computer Science<\/em>, 8644 LNCS (PART 1), pp. 343-351.<\/li>\n\n\n\n<li>M.G. Fugini, G. Hadjichristofi, M. Teimourikia, \u201cDynamic Security Modelling in Risk Management Using Environmental Knowledge\u201d, <em>Proc. of the Workshop on Enabling Technologies: Infrastructure for Collaborative Enterprises, IEEE WETICE Conf.<\/em>, Parma, June 23-25, 2014, pp. 429-434.<\/li>\n\n\n\n<li>O. Nabuco, R. Bonacin, M.G. Fugini, M. Da Silveira, \u201cTrack report of modeling the collaborative web knowledge (Web2Touch 2014)\u201d, <em>Proc. of the Workshop on Enabling Technologies: Infrastructure for Collaborative Enterprises, IEEE WETICE Conf., <\/em>Parma, June 23-25, 2014, pp. 396-398.<\/li>\n<\/ul>\n<\/li>\n<\/ul>\n\n\n\n<p><\/p>\n","protected":false},"excerpt":{"rendered":"<p>Publications in ORCID &nbsp;link 2026 G. Alessi and M.G. Fugini. 2026. Adaptive Real-Time Financial Fraud Detection with Explainable AI\u00a0Tools. Digital Threats 7, 1, Article 7 (March 2026), 31 pages. https:\/\/doi.org\/10.1145\/3794859 P.Maggiolii, M.G.Fugini &#8220;Ethical Challenges of AI&#8221;, Amazon Prime 2026 (to &hellip; <a href=\"https:\/\/fugini.faculty.polimi.it\/?page_id=401\">Continue reading <span class=\"meta-nav\">&rarr;<\/span><\/a><\/p>\n","protected":false},"author":9,"featured_media":0,"parent":0,"menu_order":0,"comment_status":"closed","ping_status":"closed","template":"onecolumn-page.php","meta":{"footnotes":""},"class_list":["post-401","page","type-page","status-publish","hentry"],"_links":{"self":[{"href":"https:\/\/fugini.faculty.polimi.it\/index.php?rest_route=\/wp\/v2\/pages\/401","targetHints":{"allow":["GET"]}}],"collection":[{"href":"https:\/\/fugini.faculty.polimi.it\/index.php?rest_route=\/wp\/v2\/pages"}],"about":[{"href":"https:\/\/fugini.faculty.polimi.it\/index.php?rest_route=\/wp\/v2\/types\/page"}],"author":[{"embeddable":true,"href":"https:\/\/fugini.faculty.polimi.it\/index.php?rest_route=\/wp\/v2\/users\/9"}],"replies":[{"embeddable":true,"href":"https:\/\/fugini.faculty.polimi.it\/index.php?rest_route=%2Fwp%2Fv2%2Fcomments&post=401"}],"version-history":[{"count":211,"href":"https:\/\/fugini.faculty.polimi.it\/index.php?rest_route=\/wp\/v2\/pages\/401\/revisions"}],"predecessor-version":[{"id":1561,"href":"https:\/\/fugini.faculty.polimi.it\/index.php?rest_route=\/wp\/v2\/pages\/401\/revisions\/1561"}],"wp:attachment":[{"href":"https:\/\/fugini.faculty.polimi.it\/index.php?rest_route=%2Fwp%2Fv2%2Fmedia&parent=401"}],"curies":[{"name":"wp","href":"https:\/\/api.w.org\/{rel}","templated":true}]}}